{"id":18,"date":"2018-09-24T18:55:49","date_gmt":"2018-09-24T16:55:49","guid":{"rendered":"http:\/\/believe-nothing.com\/bergande\/?page_id=18"},"modified":"2024-11-23T17:44:39","modified_gmt":"2024-11-23T16:44:39","slug":"vortraege","status":"publish","type":"page","link":"http:\/\/www.bergande.de\/en\/vortraege\/","title":{"rendered":"Talks &#038; lectures"},"content":{"rendered":"<h3>Scientific talks &amp; lectures<\/h3>\n<p>46 &#8211; &#8220;Hypermoral&#8221;, ipf &#8211; Institut f\u00fcr Psychoanalyse Frankfurt e.V., DPG<br \/>\n(Zweig der IPA), Frankfurt\/M., 09.Mai 2025<\/p>\n<p>45 &#8211; &#8220;Morality between Amorality and Hypermorality&#8221;, Universidad Nacional de Colombia, Campus Medellin, Facultad de C. Humanas y Econ\u00f3micas, 13.11.2024<\/p>\n<p>44 &#8211; &#8220;Projektionen. Unbewusste Motive im Zeitalter ihrer technischen Reproduzierbarkeit&#8221;, illustratio Lichtfestival Kiel, 16.09.2023<\/p>\n<p>43 &#8211; &#8220;Francis Bacons Dekonstruktion des Bildraums&#8221;, Bauhaus-University Weimar, Faculty of Art and Design, 25.11.2020<\/p>\n<p>42 &#8211; &#8220;Screen memory. Klee, Mondrian and the legacy of Classical Modernism&#8221;, <a href=\"https:\/\/www.bauhaus100.de\/programm\/veranstaltungsdetails\/1900\/\">lecture and presentation<\/a> together with Sujin Lim at the festival &#8220;100 years of Bauhaus&#8221;, New Bauhaus Museum Weimar, 23.04.2019<\/p>\n<p><strong>41 &#8211;<\/strong> Contribution to the symposium <a href=\"http:\/\/www.kulturelleerneuerung.de\/aktivitaeten\/kulturelle-erneuerung-oekologie-und-oekonomie\/\">&#8220;Kulturelle Erneuerung &#8211; \u00d6kologie und \u00d6konomie&#8221;,<\/a> Stiftung Kulturelle Erneuerung, Bad Wiessee\/ Germany, 11.-12.02.2019<\/p>\n<p><strong>40 &#8211; &#8220;<a href=\"https:\/\/dpg-psa.de\/oeffentliche-veranstaltungen-outreach\/entzweiung-und-abstraktion-kunst-als-zugang-zum-realen.html\">Entzweiung und Abstraktion. Kunst als Zugang zum Realen<\/a>&#8220;,<\/strong><br \/>\ntalk at <a href=\"https:\/\/dpg-psa.de\/\">Deutsche Psychoanalytische Gesellschaft<\/a> Frankfurt\/Main, 25.01.2019<\/p>\n<p><strong>39 &#8211; &#8220;Contemporary topics in the philosophy of psychoanalysis\u201c<\/strong>, lecture series at <a href=\"http:\/\/www.uchile.cl\/\">Universidad de Chile<\/a>, <a href=\"https:\/\/www.unab.cl\/\">Universidad Andr\u00e9s Bello<\/a> and Sociedad Chilena de Psicoan\u00e1lisis, Santiago de Chile, Chile, 01.-05.10.2018<\/p>\n<p><strong>38 &#8211; &#8220;\u00dcber sich selbst hinaus \u2013 was treibt den Menschen zur Selbstoptimierung?\u201c<\/strong>, talk at the <a href=\"https:\/\/www.apb-tutzing.de\/\">Akademie f\u00fcr Politische Bildung Tutzing<\/a>, Tutzing\/Germany, 18.04.2018<\/p>\n<p><strong>37 &#8211; \u201eA critical assessment of the schizoanalytic concept of affectivity and of its role in aesthetic experience\u201c<\/strong>, talk at the conference \u201eConflicts\u201c, Nordic Society for Aesthetics, Paris, 31.05.2018<\/p>\n<p><strong>36 &#8211; &#8220;Aesthetics as theory of meta-historical conceptions in art\u201c<\/strong>, talk at the conference \u201eMargins, Futures and Tasks of Aesthetics\u201c, International Association for Aesthetics, Helsinki, 05.07.2018<\/p>\n<p><strong>35 &#8211; &#8220;Die Verk\u00f6rperung des Anderen\u201c<\/strong>, talk at the conference \u201eTopographien des K\u00f6rpers: ph\u00e4nomenologische, genealogische und psychoanalytische Forschungen\u201c, Universit\u00e4tsklinik f\u00fcr Psychoanalyse und Psychotherapie der Medizinischen Universit\u00e4t Wien, 06.10.2017<\/p>\n<p><strong>34 &#8211; &#8220;Bausteine einer Philosophie der Designgeschichte&#8221;<\/strong>, talk at the conference &#8220;Design mit Geschichte. Geschichtsbilder in Theorie und Praxis&#8221; of the Deutsche Gesellschaft f\u00fcr Designgeschichte, Vitra Design Museum, Weil am Rhein, 28.11.2015<\/p>\n<p><strong>33 &#8211; &#8220;Observing, analysing and sharing feedback within artistic practice and research&#8221;<\/strong>, presentation (together with Nik Haffner) of &#8216;Roundtable 3&#8217; of the international symposium <em><a href=\"http:\/\/www.hkw.de\/en\/programm\/projekte\/veranstaltung\/p_121419.php\" target=\"_blank\" rel=\"noopener noreferrer\">Artistic needs and institutional desires. Roundtables on artistic third-cycle programmes<\/a><\/em>, organized by UdK Berlin, Haus der Kulturen der Welt Berlin, 13.-15.11.2015<\/p>\n<p><strong>32 &#8211; &#8220;\u00c4sthetik als transzendentale Theorie der Erfahrung&#8221;<\/strong>, talk as part of the lecture series &#8220;Aisthesis&#8221; at the University of Applied Art Vienna (Universit\u00e4t f\u00fcr Angewandte Kunst Wien), Austria, 11.06.2015<\/p>\n<p><strong>31 &#8211; &#8220;Bildraum und Tonraum&#8221;<\/strong>, talk given as part of the lecture series \u201eSprache, Stimme, Leiblichkeit\u201c at the department \u201eTheorie, Empirie und Methoden der Sozialen Therapie\u201c of Kassel University, Germany, 14.01.2015<\/p>\n<p><strong>30 &#8211; &#8220;Beyond Anthropopathy&#8221;<\/strong>, <a href=\"http:\/\/www.phil-fak.uni-duesseldorf.de\/materialitaet-und-produktion\/veranstaltungen\/symposium-pathology-and-aesthetics\/\" target=\"_blank\" rel=\"noopener noreferrer\">Vortrag auf der Tagung <em>Pathology and Aesthetics. The concept of the Pathological in Contemporary Aesthetics<\/em><\/a> des Graduiertenkolleg Materialit\u00e4t und Produktion, Heinrich-Heine-Universit\u00e4t D\u00fcsseldorf, 19.12.2014<\/p>\n<p><strong>29 &#8211; &#8220;Laws of artistic form&#8221;<\/strong>, talk at the conference <em>Art and its contexts<\/em> des <em>European Research Network Sociology of the Arts<\/em> at \u201eBabes-Bolyai\u201d University in Cluj-Napoca, Romania, 06.09.2014<\/p>\n<p><strong>28 &#8211; &#8220;The ideology of the architectural white cube&#8221;<\/strong>, talk at the conference <em>Autonomy reconsidered<\/em> of the <em>International Society for the Philosophy of Architecture<\/em> in Delft, Holland, 11.07.2014<\/p>\n<p><strong>27 &#8211; &#8220;The forced experience of the aesthetic&#8221;<\/strong>, talk at the annual conference <em>Art, the Aesthetic and Aesthetic Experience<\/em> of the <em>Nordic Society of Aesthetics<\/em> in Helsinki, Finland, June 07, 2014<\/p>\n<p><strong>26 &#8211; &#8220;The ontology of the real in film&#8221;<\/strong>, talk at the conference <em>Philosophy and film: thinking reality and time through film<\/em>, CFUL &#8211; Centro de Filosofia da Universidade de Lisboa, Lisbon\/ Portugal, May 06-10, 2014<\/p>\n<p><strong>25 &#8211; &#8220;Against contingency&#8221;<\/strong>, talk at the conference <em><a href=\"http:\/\/www.karch.dk\/whatimagesdo\" target=\"_blank\" rel=\"noopener noreferrer\">What images do<\/a><\/em>, Royal Academy of Fine Arts, Copenhague, Denmark, March 19-21, 2014<\/p>\n<p><strong>24 &#8211; &#8220;Creative destruction. The power and powerlessness of destructivity in the arts&#8221;<\/strong>, talk at the <a href=\"http:\/\/creativeprocessesinart.weebly.com\/\" target=\"_blank\" rel=\"noopener noreferrer\">conference &#8220;Creative processes in art&#8221;<\/a>, University of Lisbon, Portugal, Faculty of Fine Arts, September 12, 2013<\/p>\n<p><strong>23 &#8211; &#8220;The imperceptible gesture and the deconstruction of communication&#8221;<\/strong>, talk at the annual conference of the Nordic Society of Aesthetics (<a href=\"http:\/\/www.hf.uio.no\/ifikk\/forskning\/aktuelt\/arrangementer\/konferanser\/2013\/gesture-2013---nordic-society-of-aestethics\/nsae_2013.html\" target=\"_blank\" rel=\"noopener noreferrer\">conference schedule<\/a>), June 1, 2013, Oslo\/Norway<\/p>\n<p><strong>22 &#8211; &#8220;Critical and deconstructive aesthetics&#8221;, <\/strong>Lectures at the \u00a0<em>Department of Aesthetics<\/em> of University of Helsinki, April 14-18, 2013, University of Helsinki, Helsinki\/Finnland<\/p>\n<p><strong>21 &#8211; &#8220;The creative destruction of the total work of art&#8221;, <\/strong>Talk at the 12th International Bauhaus-Colloquium\u00a0 &#8216;Henry van de Velde und die Idee des Gesamtkunstwerks&#8217;, April 3-7, 2013, Bauhaus-University Weimar, Germany<\/p>\n<p><strong>20 &#8211; &#8220;Unglaube und Vergeltung: Denis Lortie&#8221;, <\/strong>Talk at the conference\u00a0 &#8220;Im Spiegelkabinett der Paranoia&#8221; (<a href=\"http:\/\/www.bergande.de\/wp-content\/uploads\/2009\/03\/Paranoia-Flyer-Final.pdf\">flyer<\/a>) of the Graduiertenkollegs Mediale Historiographien of Bauhaus-University Weimar, Oktober 26, 2012, Bauhaus University Weimar, Germany<\/p>\n<p><strong>19 &#8211; &#8220;Terminable and Interminable Negation. Legacies of Hegel in Critical Theory and Psychoanalysis&#8221;, <\/strong>Talk at the\u00a0 XXIX. International Hegel-Congress\u00a0 &#8220;Hegel gegen Hegel&#8221; organized by the International Hegel-Society e.V., October 3-6, 2012, Istanbul, Turkey<\/p>\n<p><strong>18 &#8211; &#8220;Why Hegel was right&#8221;, <\/strong>Talk at the conference\u00a0 &#8220;Aesthetics as narration and meta-narration&#8221;, September 27, 2012, University of Gdansk, Poland<\/p>\n<p><strong>17 &#8211; &#8220;Post-structuralist theories of culture and aesthetics&#8221;, <\/strong>Five-day intensive course taught at the Graduate School of Culture Studies and Arts of the \u00a0<a href=\"http:\/\/www.artun.ee\/index.php?lang=eng\" target=\"_blank\" rel=\"noopener noreferrer\">Estonian Academy of Arts<\/a>, Tallinn in cooperation with the\u00a0 Estonian Institute of Humanities of \u00a0<a href=\"http:\/\/www.tlu.ee\/?LangID=2\" target=\"_blank\" rel=\"noopener noreferrer\">Tallinn University<\/a>, September 3-7, 2012, Tallinn, Estonia<\/p>\n<p><strong><a href=\"http:\/\/ispaconference.wordpress.com\/preliminary-schedule\/\" target=\"_blank\" rel=\"noopener noreferrer\">16 &#8211; &#8220;The pleasure and pain of an archaic alliance. On the atopy of subjectivity in occidental architecture \u2013 and beyond&#8221;, <\/a><\/strong>Talk\u00a0 (<a href=\"http:\/\/isparchitecture.wordpress.com\/2012\/05\/06\/the-pleasure-and-pain-of-an-archaic-alliance-on-the-atopy-of-sujectivity-in-occidental-architecture-and-beyond-by-wolfram-bergande\/\" target=\"_blank\" rel=\"noopener noreferrer\">abstract<\/a>) at the conference\u00a0 &#8220;Ethics &amp; Aesthetics of Architecture and the Environment&#8221;, July 11, 2012, Newcastle upon Tyne, UK<\/p>\n<p><strong>15 &#8211; &#8220;Erratic <\/strong><strong>humor in the later film work of David Lynch&#8221;, <\/strong>Talk at the conference\u00a0 &#8220;David Lynch &#8211; The Art of the Real&#8221; (<a href=\"http:\/\/www.bergande.de\/wp-content\/uploads\/2009\/03\/Lynch-Konferenz_Programmfaltblatt_A5_final.pdf\">conference program<\/a>, <a title=\"www.lynchconference.org\" href=\"http:\/\/www.lynchconference.org\/\" target=\"_blank\" rel=\"noopener noreferrer\">conference-website<\/a>), Juni 28, 2012, University of the Arts, Berlin, Roter Salon, Volksb\u00fchne am Rosa-Luxemburg-Platz Berlin <em>Interview (in German) with Wolfram Bergande about the Lynch-conference on Radio 1 (RBB), June 28, 2012:<\/em><\/p>\n<audio class=\"wp-audio-shortcode\" id=\"audio-18-2\" preload=\"true\" style=\"width: 100%;\" controls=\"controls\"><source type=\"audio\/mpeg\" src=\"http:\/\/www.bergande.de\/wp-content\/uploads\/2013\/03\/Lynch_Konferenz_Radio-Eins-Bergande-Interview_120628_120702-_1040_lynch.mp3?_=2\" \/><a href=\"http:\/\/www.bergande.de\/wp-content\/uploads\/2013\/03\/Lynch_Konferenz_Radio-Eins-Bergande-Interview_120628_120702-_1040_lynch.mp3\">http:\/\/www.bergande.de\/wp-content\/uploads\/2013\/03\/Lynch_Konferenz_Radio-Eins-Bergande-Interview_120628_120702-_1040_lynch.mp3<\/a><\/audio>\n<p><strong>14 &#8211; &#8220;Beyond Surrealism. Psychoanalytical interpretation of art today&#8221;, <\/strong>Talk at the conference of the Nordic Society of Aesthetics &#8220;Interpretation and Evaluation of Art\u201d, May 31 &#8211; June 2, 2012, Uppsala, Sweden <strong>13 &#8211; &#8220;The value of the arts in the era of reflexive modernity&#8221;, <\/strong>Talk at the conference\u00a0 &#8220;Aesthetics Today&#8221; of the\u00a0 Finnish Society for Aesthetics, March 1, 2012, House of Science and Letters, Helsinki, Finland<\/p>\n<p><strong>12 &#8211; &#8220;Kritik der Quasi-Subjektivit\u00e4t der Dinge: Design zwischen Kunst und Fetischismus&#8221;, <\/strong>Talk in the section\u00a0 &#8216;Design + Economy&#8217;\u00a0 at the \u00a0<a title=\"13. Internationaler Kongress f\u00fcr Semiotik\" href=\"http:\/\/www.semiotik.eu\/index.php?id=0,80\" target=\"_blank\" rel=\"noopener noreferrer\">13th Internationale Congress for Semiotics:\u00a0 Representation, virtuality, praxis<\/a>, October 12-16, 2011, Potsdam University, Germany<\/p>\n<p><strong><a href=\"http:\/\/www.um.es\/vmca\/proceedings\/docs\/17.Wolfram-Bergande.pdf\" target=\"_blank\" rel=\"noopener noreferrer\">11 &#8211; &#8220;Mixed pleasures, interpassivity, and the ethical dimension of art&#8221;<\/a><\/strong>, Talk at the <a title=\"V Mediterrean Congress of Aesthetics - Homepage\" href=\"http:\/\/www.um.es\/vmca\/en\/index.htm\" target=\"_blank\" rel=\"noopener noreferrer\"><em>V Mediterrean Congress of Aesthetics, <\/em><\/a>July 7, 2011, Cartagena, Spain<\/p>\n<p><strong>10 &#8211; &#8220;Das <em>fading <\/em>des Subjekts oder: \u00dcber den Blick, der t\u00f6ten k\u00f6nnte&#8221;, <\/strong>Talk at the conference\u00a0 &#8220;Unsichtbar &#8211; Wissenskulturen als Bildkulturen und ihre Macht der Invisibilisierung&#8221;, June 29 &#8211; July 1, 2011, Institute for Iconicity, \u00a0Rostock University, Germany<\/p>\n<p><strong>9 &#8211; &#8220;Plato on Perversity&#8221;, <\/strong>Talk at the conference <a title=\"Aesthetics and Politics 2011\" href=\"http:\/\/nsae.au.dk\/main\/conferences\/2011-aesthetics-and-politics\/\" target=\"_blank\" rel=\"noopener noreferrer\"><em>Aesthetics and Politics 2011<\/em><\/a> of the\u00a0 Nordic Society of Aesthetics, Mai 26-28, 2011, Royal Danish Academy of Art, Copenhague, Denmark<\/p>\n<p><strong>8 &#8211; &#8220;Der Zauber einer alten Liebe. Verabschiedungen der Kunst bei Platon und Hegel&#8221;, <\/strong>Talk at the \u00a0<a title=\"Homepage Kunstverein Coburg\" href=\"http:\/\/www.kunstverein-coburg.de\/db\/kunstverein\/index.nsf\" target=\"_blank\" rel=\"noopener noreferrer\">Kunstverein Coburg<\/a> in cooperation with Freunde der humanistischen Bildung e.V., April 8, 2011, Coburg, Germany<\/p>\n<p><strong>7 &#8211; &#8220;Vom Spiegelstadium zum perversen Bild. Beitr\u00e4ge der Freud-Lacanschen Psychoanalyse zu einer transzendental-\u00e4sthetischen Anthropologie der Bilder&#8221;, <\/strong>Poster at the conference\u00a0 &#8220;Urspr\u00fcnge der Bilder&#8221; of the \u00a0<a title=\"GiB Homepage\" href=\"http:\/\/www.bildwissenschaft.org\/\" target=\"_blank\" rel=\"noopener noreferrer\">Gesellschaft f\u00fcr interdisziplin\u00e4re Bildwissenschaft<\/a> at the\u00a0 Technical University Chemnitz, March 30, 2011, Chemnitz, Germany<\/p>\n<p><strong>6 &#8211; &#8220;Gewalt | Phantasie. Die Heimsuchung des Herrn in Hanekes <em>Das wei\u00dfe Band<\/em>&#8220;, <\/strong>Talk at the international conference \u00a0<a title=\"Tagung \" href=\"http:\/\/www.fb10.uni-bremen.de\/bitt\/?page_id=110\" target=\"_blank\" rel=\"noopener noreferrer\"><em>Anschauen und Vorstellen &#8211; gelenkte Imagination im Kino<\/em><\/a> at Bremen University, March 27, 2011, Bremen, Germany<\/p>\n<p><strong>5 &#8211; &#8220;Das unendliche Motiv. \u00dcber Spekulationsgewinne und Entzugserscheinungen in der visuellen Kunst&#8221;, <\/strong>Talk at the\u00a0 Psychoanalytisches Institut Bremen, November 6, 2010, Bremen, Germany<\/p>\n<p><strong>4 &#8211; &#8220;Die unerinnerte Gegenwart des Sch\u00f6nen. Hegels Kunstphilosophie und die Theorie des Unbewussten&#8221;, <\/strong>Talk at the conference\u00a0 &#8220;Gebrochene Sch\u00f6nheit &#8211; G.W.F. Hegels Philosophie der Kunst&#8221;, May 7, 2010, Haus am Dom Frankfurt\/Main, Germany in cooperation with the International Hegel-Society<\/p>\n<p><strong><a href=\"http:\/\/www.psychoanalyse-zuerich.ch\/Einzelansicht.194+M54d5dafed23.0.html\" target=\"_blank\" rel=\"noopener noreferrer\">3 &#8211; &#8220;Lacans Logik des Unbewussten&#8221;, <\/a><\/strong>Talk at the Psychoanalytisches Seminar Zurich, November 7, 2008, Zurich, Switzerland<\/p>\n<p><strong>2 &#8211; &#8220;Das Bild als Selbstbewusstsein&#8221;, <\/strong>Talk at the conference <em>Arbeit der Bilder &#8211; Die Pr\u00e4senz des Bildes im Dialog zwischen Philosophie, Psychoanalyse und Kunstwissenschaft<\/em> (<a href=\"http:\/\/www.bergande.de\/wp-content\/uploads\/2009\/03\/WESERKURIER_DasBildAlsSelbstbewusstsein_Tagungsbericht_080612.pdf\" target=\"_blank\" rel=\"noopener noreferrer\">report <\/a>in the <em>Weserkurier,<\/em> 12.6.08), June 8, 2008, Bremer Institut f\u00fcr Theoretische und Angewandte Psychoanalyse, Bremer Psychoanalytische Vereinigung, Bremen, Germany<\/p>\n<p><strong>1 &#8211; &#8220;Das Unbewusste in der Skulptur&#8221;, <\/strong>Talk at the conference \u00a0<em>&#8220;Inflation des Realen &#8211; Verschwinden des Symbolischen&#8221; zur Aktualit\u00e4t von Lacans Denken in der kulturwissenschaftlichen Diskussion, <\/em>January 16, 2004, Bremen University<\/p>\n<div class=\"mks_separator\" style=\"border-bottom: 2px solid;\"><\/div>\n<h3>Other talks<\/h3>\n<p>Presentation of the fireside chat \u00a0&#8220;Kapitalismus und Kosmopolitik&#8221; at stiftung neue verantwortung, Berlin, April 27, 2012, Beisheim-Center, Berlin<\/p>\n<p>Guest expert at the theme night \u00a0<strong>&#8220;Derrida&#8221;<\/strong> of\u00a0 RADIO HOCHSEE at <a title=\"Kaffee Burger - Homepage\" href=\"http:\/\/www.kaffeeburger.de\/\" target=\"_blank\" rel=\"noopener noreferrer\">Kaffee Burger<\/a>, Berlin, May 18, 2010","protected":false},"excerpt":{"rendered":"<p>Scientific talks &amp; lectures 46 &#8211; &#8220;Hypermoral&#8221;, ipf &#8211; Institut f\u00fcr Psychoanalyse Frankfurt e.V., DPG (Zweig der IPA), Frankfurt\/M., 09.Mai 2025 45 &#8211; &#8220;Morality between Amorality and Hypermorality&#8221;, Universidad Nacional de Colombia, Campus Medellin, Facultad de C. Humanas y Econ\u00f3micas, 13.11.2024 44 &#8211; &#8220;Projektionen. Unbewusste Motive im Zeitalter ihrer technischen Reproduzierbarkeit&#8221;, illustratio Lichtfestival Kiel, 16.09.2023 [&hellip;]<\/p>\n","protected":false},"author":1,"featured_media":0,"parent":0,"menu_order":0,"comment_status":"closed","ping_status":"closed","template":"","meta":{"footnotes":""},"_links":{"self":[{"href":"http:\/\/www.bergande.de\/en\/wp-json\/wp\/v2\/pages\/18"}],"collection":[{"href":"http:\/\/www.bergande.de\/en\/wp-json\/wp\/v2\/pages"}],"about":[{"href":"http:\/\/www.bergande.de\/en\/wp-json\/wp\/v2\/types\/page"}],"author":[{"embeddable":true,"href":"http:\/\/www.bergande.de\/en\/wp-json\/wp\/v2\/users\/1"}],"replies":[{"embeddable":true,"href":"http:\/\/www.bergande.de\/en\/wp-json\/wp\/v2\/comments?post=18"}],"version-history":[{"count":25,"href":"http:\/\/www.bergande.de\/en\/wp-json\/wp\/v2\/pages\/18\/revisions"}],"predecessor-version":[{"id":530,"href":"http:\/\/www.bergande.de\/en\/wp-json\/wp\/v2\/pages\/18\/revisions\/530"}],"wp:attachment":[{"href":"http:\/\/www.bergande.de\/en\/wp-json\/wp\/v2\/media?parent=18"}],"curies":[{"name":"wp","href":"https:\/\/api.w.org\/{rel}","templated":true}]}}