{"id":453,"date":"2023-03-28T12:39:07","date_gmt":"2023-03-28T10:39:07","guid":{"rendered":"http:\/\/www.bergande.de\/?page_id=453"},"modified":"2023-03-28T14:19:03","modified_gmt":"2023-03-28T12:19:03","slug":"impressum","status":"publish","type":"page","link":"http:\/\/www.bergande.de\/en\/impressum\/","title":{"rendered":"Imprint"},"content":{"rendered":"According to \u00a7 5 TMG<\/p>\n<p>Wolfram Bergande<br \/>\nc\/o<br \/>\nUniversit\u00e4t Bamberg<br \/>\nInstitut f\u00fcr Philosophie<br \/>\nAn der Universit\u00e4t 2<br \/>\n96047 Bamberg<\/p>\n<p>Contact<br \/>\nE-Mail: i&#110;&#102;&#x6f;&#x40;&#x62;&#x65;r&#103;&#97;&#110;&#x64;&#x65;&#x2e;de<br \/>\nTel: +49 (0)951-863-1951","protected":false},"excerpt":{"rendered":"<p>According to \u00a7 5 TMG Wolfram Bergande c\/o Universit\u00e4t Bamberg Institut f\u00fcr Philosophie An der Universit\u00e4t 2 96047 Bamberg Contact E-Mail: &#x69;n&#x66;&#111;&#64;&#x62;&#101;&#x72;&#x67;a&#x6e;&#100;e&#x2e;&#100;&#x65; Tel: +49 (0)951-863-1951<\/p>\n","protected":false},"author":1,"featured_media":0,"parent":0,"menu_order":0,"comment_status":"closed","ping_status":"closed","template":"","meta":{"footnotes":""},"_links":{"self":[{"href":"http:\/\/www.bergande.de\/en\/wp-json\/wp\/v2\/pages\/453"}],"collection":[{"href":"http:\/\/www.bergande.de\/en\/wp-json\/wp\/v2\/pages"}],"about":[{"href":"http:\/\/www.bergande.de\/en\/wp-json\/wp\/v2\/types\/page"}],"author":[{"embeddable":true,"href":"http:\/\/www.bergande.de\/en\/wp-json\/wp\/v2\/users\/1"}],"replies":[{"embeddable":true,"href":"http:\/\/www.bergande.de\/en\/wp-json\/wp\/v2\/comments?post=453"}],"version-history":[{"count":5,"href":"http:\/\/www.bergande.de\/en\/wp-json\/wp\/v2\/pages\/453\/revisions"}],"predecessor-version":[{"id":458,"href":"http:\/\/www.bergande.de\/en\/wp-json\/wp\/v2\/pages\/453\/revisions\/458"}],"wp:attachment":[{"href":"http:\/\/www.bergande.de\/en\/wp-json\/wp\/v2\/media?parent=453"}],"curies":[{"name":"wp","href":"https:\/\/api.w.org\/{rel}","templated":true}]}}